{"id":494,"date":"2013-11-19T15:25:40","date_gmt":"2013-11-19T14:25:40","guid":{"rendered":"http:\/\/telematikwissen.de\/?page_id=494"},"modified":"2013-11-19T15:25:40","modified_gmt":"2013-11-19T14:25:40","slug":"reporting","status":"publish","type":"page","link":"https:\/\/app.hanseat.me\/tc2\/funktionen\/reporting\/","title":{"rendered":"Reporting"},"content":{"rendered":"<h2>Inhalts\u00fcbersicht<\/h2>\n<p><strong>Welche Fragen werden auf dieser Seite gekl\u00e4rt?<\/strong><\/p>\n<ul>\n<li>Was sind typische Telematik-Funktionen in Bezug auf Reporting (mit Beispielen)?<\/li>\n<li>Wie k\u00f6nnte ein Telematik-Reporting aussehen?<\/li>\n<li>Welche Vorteile hat die Einbindung von Telematik in das Reporting?<\/li>\n<\/ul>\n<h2>Reporting-Funktion von Telematik<\/h2>\n<p>Neben den zahlreichen operativen Telematikfunktionen, die insbesondere der Disposition und den Fahrern das Tagesgesch\u00e4ft erleichtern sollen, haben die von den Bordrechnern gesammelten Informationen auch strategische Bedeutung f\u00fcr den Flottenbetreiber. Voraussetzung daf\u00fcr ist, dass die Daten \u00fcber l\u00e4ngere Zeitr\u00e4ume und \u00fcber alle Fahrzeuge gesammelt, ausgewertet und entsprechend pr\u00e4sentiert werden. Man spricht dann im Allgemeinen von &#8222;Reporting&#8220;-Funktionen.<\/p>\n<h2>Typische Telematik-Funktionen<\/h2>\n<p>Dazu geh\u00f6ren neben den schon unter&nbsp;<a title=\"Technisches Fahrzeugmanagement\" href=\"http:\/\/telematikwissen.de\/funktionen\/technisches-fahrzeugmanagement\/\">Technisches Fahrzeugmanagement<\/a> und <a title=\"Personalmanagement\" href=\"http:\/\/telematikwissen.de\/funktionen\/personalmanagement\/\">Personalmanagement<\/a> beschriebenen Datenauswertungen insbesondere Auswertungen hinsichtlich der Gesch\u00e4ftsprozesse, wie etwa die <strong>erledigten Transportauftr\u00e4ge pro Fahrzeug und Zeiteinheit<\/strong>, die <strong>erzielten Auslastungsgrade<\/strong>, der <strong>pro Tonnen-km eingesetzte Kraftstoff<\/strong>, usw.<\/p>\n<p>Weitere typische Reporting-Funktionen in der Telematik sind:<\/p>\n<ul>\n<li><strong>Tagesfahrtenreport<\/strong>: Anhand des Z\u00fcndsignals lassen sich Start- und Stopppunkte festhalten, sowie Positionen und Entfernungen festhalten.<\/li>\n<li><strong>Stillstandsreport<\/strong>: Stillst\u00e4nde sind die Zeiten in denen das Fahrzeug steht, der Motor jedoch l\u00e4uft, z.B. um ein Zusatzaggregat anzutreiben. Durch Reduzierung von Stillst\u00e4nden wird eine Einsparung von Benzinkosten erm\u00f6glicht.<\/li>\n<li><strong>Wochenreport<\/strong>: Innerhalb eines Zeitraumes wie etwa einer Woche lassen sich Kennzahlen wie die Durchschnittsgeschwindigkeit oder das Verh\u00e4ltnis von Fahr- und Standzeit, sowie die durchschnittliche Anzahl von Haltepunkten am Tag bestimmen.<\/li>\n<li><strong>Elektronisches Fahrtenbuch<\/strong>: Durch Erg\u00e4nzungen wie den Grund der Fahrt (bspw. Kundenbesuche) oder die Art der Fahrt (bspw. Dienstfahrt) l\u00e4sst sich auf elektronischem Weg ein Fahrtenbuch erstellen. Das Fahrtenbuch in Papierform l\u00e4sst sich dadurch ersetzen, was nicht nur Kosten, sondern auch Zeit einspart.<\/li>\n<li><strong>Mautreporting<\/strong>: Mautpflichtige Strecken k\u00f6nnen erkannt und erfasst werden. Dies erm\u00f6glicht die Kontrolle der Mautabrechnung, sowie eine Reklamation von Fehlern.<\/li>\n<\/ul>\n<h2>Nutzen von Reporting<\/h2>\n<p>Das Reporting besch\u00e4ftigt sich also damit, die am Fahrzeug erfassten Daten gezielt auszuwerten, um dadurch beispielsweise Optimierungspotenziale zu erkennen und Prozesse anzusto\u00dfen, die zu Effizienzverbesserungen f\u00fchren sollen.<\/p>\n<p>Eine Auswertung von Daten eignet sich auch f\u00fcr Fuhrpark-Benchmarks und um Vergleichs-Indizes f\u00fcr verschiedene Branchen zu ermitteln. Die Darstellung der Reports erfolgt in ganz unterschiedlichen Varianten.<\/p>\n<h2>Beispiel f\u00fcr Telematik-Reporting<\/h2>\n<p>Das nachfolgende Beispiel zeigt einen Verbrauchsreport f\u00fcr Fahrzeuge einer Flotte:<\/p>\n<div id=\"AuswertungKraftstoffverbrauch\" style=\"width: 298px\" class=\"wp-caption aligncenter\"><a href=\"http:\/\/telematikwissen.de\/wp-content\/uploads\/2013\/03\/Verbrauch3.png\"><img loading=\"lazy\" decoding=\"async\" aria-describedby=\"caption-AuswertungKraftstoffverbrauch\" class=\"size-full wp-image-211\" title=\"Auswertung Kraftstoffverbrauch\" src=\"http:\/\/telematikwissen.de\/wp-content\/uploads\/2013\/03\/Verbrauch3.png\" alt=\"Telematik - Kern\" width=\"288\" height=\"265\"><\/a><p id=\"caption-AuswertungKraftstoffverbrauch\" class=\"wp-caption-text\">Auswertung Kraftstoffverbrauch, Quelle: AIS GmbH<\/p><\/div>\n<h2>Vorteile von Telematik-Reporting<\/h2>\n<ul>\n<li><strong>Ehrliche Daten<\/strong> mit Bezug auf objektiv erhebbare Daten, z.B. Eine Analyse von Zeit, Geld, Personal und Fehlerquote l\u00e4sst sich am besten durch die Betrachtung von Daten wie Fahrzeugaussteuerungen, Termintreue, R\u00fcckfahrten und Leerkilometer realisieren.<\/li>\n<li><strong>&#8222;Laufendes Reporting&#8220;<\/strong>: An welchen Stellen treten konkret welche Kosten auf? Wo befinden sich ungenutzte Potenziale?<\/li>\n<li><strong>Transparenz bei Rechnungsstellungen<\/strong> Direkte Auswertung von spezifischen Kundenauftr\u00e4gen durch leistungsbezogene Daten (Durch einheitliche Buchungstexte von immer mehr Anbietern: Vereinfachung der Auswertung von Kostenpositionen, vorgegeben von Herstellern, Leasinggebern, Werkst\u00e4tten, usw.)<\/li>\n<\/ul>\n<h2>Trends des Telematik-Reportings<\/h2>\n<p>Der Trend geht auch bei der Telematik hin zu <strong>Internetapplikationen<\/strong> und zur <strong>Cloud<\/strong>.<\/p>\n<p>Moderne Telematiksysteme, erm\u00f6glichen es, <strong>Reports in Intervallen<\/strong>, wie etwa t\u00e4glich oder monatlich, zur Einsicht \u00fcber das World Wide Web zu generieren und zuvor definierten Benutzern und Benutzergruppen, etwa dem Controlling, zur Verf\u00fcgung zu stellen. Eine Archivierung von Reports wird dabei \u00fcber die Cloud erm\u00f6glicht, sodass auch ein Vergleich von erfassten Daten \u00fcber beliebige Zeitr\u00e4ume realisiert werden kann. Der Vorteil an der Auslagerung ins WWW und in die Cloud besteht vor allem darin, dass unz\u00e4hlige <strong>IT-Kosten eingespart<\/strong> werden k\u00f6nnen, da webbasierte L\u00f6sungen in der Regel vom Anbieter aktualisiert, gepflegt und gemanaged werden.<\/p>\n<p><strong>API-Schnittstellen<\/strong> (Application Programming Interfaces) machen es m\u00f6glich, erfasste Daten <strong>direkt an Systeme wie SAP<\/strong> zur weiteren Verarbeitung zu \u00fcbermitteln. So ist es m\u00f6glich, dass auch anderen Abteilungen, wie z.B. der Buchhaltung, Zugang dazu erm\u00f6glicht wird.<\/p>\n","protected":false},"excerpt":{"rendered":"<p>Inhalts\u00fcbersicht Welche Fragen werden auf dieser Seite gekl\u00e4rt? Was sind typische Telematik-Funktionen in Bezug auf Reporting (mit Beispielen)? Wie k\u00f6nnte ein Telematik-Reporting aussehen? Welche Vorteile hat die Einbindung von Telematik in das Reporting? Reporting-Funktion von Telematik Neben den zahlreichen operativen Telematikfunktionen, die insbesondere der Disposition und den Fahrern das Tagesgesch\u00e4ft erleichtern sollen, haben die von [&hellip;]<\/p>\n","protected":false},"author":1,"featured_media":0,"parent":32,"menu_order":0,"comment_status":"closed","ping_status":"open","template":"","meta":{"footnotes":""},"class_list":["post-494","page","type-page","status-publish","hentry"],"_links":{"self":[{"href":"https:\/\/app.hanseat.me\/tc2\/wp-json\/wp\/v2\/pages\/494","targetHints":{"allow":["GET"]}}],"collection":[{"href":"https:\/\/app.hanseat.me\/tc2\/wp-json\/wp\/v2\/pages"}],"about":[{"href":"https:\/\/app.hanseat.me\/tc2\/wp-json\/wp\/v2\/types\/page"}],"author":[{"embeddable":true,"href":"https:\/\/app.hanseat.me\/tc2\/wp-json\/wp\/v2\/users\/1"}],"replies":[{"embeddable":true,"href":"https:\/\/app.hanseat.me\/tc2\/wp-json\/wp\/v2\/comments?post=494"}],"version-history":[{"count":0,"href":"https:\/\/app.hanseat.me\/tc2\/wp-json\/wp\/v2\/pages\/494\/revisions"}],"up":[{"embeddable":true,"href":"https:\/\/app.hanseat.me\/tc2\/wp-json\/wp\/v2\/pages\/32"}],"wp:attachment":[{"href":"https:\/\/app.hanseat.me\/tc2\/wp-json\/wp\/v2\/media?parent=494"}],"curies":[{"name":"wp","href":"https:\/\/api.w.org\/{rel}","templated":true}]}}