{"id":4451,"date":"2025-05-31T20:19:17","date_gmt":"2025-05-31T18:19:17","guid":{"rendered":"https:\/\/app.hanseat.me\/tc2\/?page_id=4451"},"modified":"2025-05-31T20:21:11","modified_gmt":"2025-05-31T18:21:11","slug":"reinforcement-learning-die-zukunft-der-logistischen-tourenoptimierung","status":"publish","type":"page","link":"https:\/\/app.hanseat.me\/tc2\/reinforcement-learning-die-zukunft-der-logistischen-tourenoptimierung\/","title":{"rendered":"Reinforcement Learning: Die Zukunft der logistischen Tourenoptimierung"},"content":{"rendered":"\n<p id=\"ember52\">Die Optimierung logistischer Touren steht vor einem tiefgreifenden Wandel. In den n\u00e4chsten f\u00fcnf bis zehn Jahren wird Reinforcement Learning (RL) die aktuellen Ans\u00e4tze der Tourenoptimierung abl\u00f6sen und neue Standards in Effizienz und Flexibilit\u00e4t setzen.<\/p>\n\n\n\n<p id=\"ember53\">Dar\u00fcber hinaus werden die Einsparpotenziale signifikant h\u00f6her sein als bei der heute bekannten Tourenoptimierung, da die RL-Tourenoptimierung nicht auf die Stra\u00dfe eingegrenzt sein wird. Sie kann ein ganzes Netz betrachten, egal ob Stra\u00dfe, Schiene, See oder Luft.<\/p>\n\n\n\n<h2 class=\"wp-block-heading\" id=\"ember54\">Was ist RL-Tourenoptimierung und wie unterscheidet sie sich von der heute \u00fcblichen Tourenoptimierung?<\/h2>\n\n\n\n<p id=\"ember55\">Bereits heute gibt es zahlreiche L\u00f6sungen, die die Aufgabenstellung einer automatisierten Tourenoptimierung (f\u00fcr eine Lkw-Flotte) \u00fcbernehmen kann. Diese basieren in der Regel auf Heuristiken. Auch wenn diese L\u00f6sungen h\u00e4ufig in der Marketing-Kommunikation \u201eKI-basiert\u201c genannt werden, haben sie mit KI (so wie wir es erwarten, wenn wir den Begriff h\u00f6ren) nichts zu tun. Die RL-Tourenoptimierung hingegen ist eine Art des Maschinelles Lernen (ML) und ist somit &#8222;echte&#8220; KI. Oder anders dargestellt:<\/p>\n\n\n\n<p id=\"ember56\"><strong>Heuristische Tourenoptimierung:<\/strong><\/p>\n\n\n\n<ul class=\"wp-block-list\">\n<li>Heuristische Methoden basieren auf festen Regeln und mathematischen Verfahren, die darauf abzielen, gute (aber nicht immer perfekte) L\u00f6sungen zu finden.<\/li>\n\n\n\n<li>Diese Ans\u00e4tze sind bew\u00e4hrt, stabil und effizient \u2013 aber sie sto\u00dfen an Grenzen, wenn die Situation komplex wird, z. B. durch kurzfristige \u00c4nderungen, viele Restriktionen, heterogene Fuhrparks, unterschiedliche Verkehrstr\u00e4ger, \u2026<\/li>\n<\/ul>\n\n\n\n<p id=\"ember58\"><strong>Reinforcement Learning Tourenoptimierung:<\/strong><\/p>\n\n\n\n<ul class=\"wp-block-list\">\n<li>Beim Reinforcement Learning \u201elernt\u201c das System durch Ausprobieren. Historische Daten sind nicht n\u00f6tig, k\u00f6nnen aber optional verwendet werden und beschleunigen den Lernprozess.<\/li>\n\n\n\n<li>Das System trainiert in einer detaillierten Simulation verschiedene Routen und Strategien. Es lernt, auf Staus, Lieferverz\u00f6gerungen und andere unvorhergesehene Ereignisse zu reagieren und seine Planung dynamisch anzupassen &#8211; in Echtzeit.<\/li>\n\n\n\n<li>Sobald das Training abgeschlossen ist, kann die L\u00f6sung in eine operativen Umgebung integriert werden.<\/li>\n<\/ul>\n\n\n\n<h2 class=\"wp-block-heading\" id=\"ember60\">Besondere Mehrwerte der RL-Tourenoptimierung<\/h2>\n\n\n\n<ul class=\"wp-block-list\">\n<li>Optimierung intermodaler Transporte: RL kann verschiedene Transportmittel (LKW, Bahn, Schiff, Flugzeug) in einer integrierten Planung ber\u00fccksichtigen und so effizient intermodale Transportketten optimieren.<\/li>\n\n\n\n<li>Optimierung heterogener Fuhrparks und unterschiedlicher Transportarten: RL-Tourenoptimierung kann die all in one Tourenoptimierung f\u00fcr Logistikunternehmen mit einem breiten Angebot an Transportdienstleistungen sein.<\/li>\n\n\n\n<li>Ber\u00fccksichtigung langfristiger Ziele: RL kann neben kurzfristigen Zielen auch langfristige Ziele des Unternehmens ber\u00fccksichtigen.<\/li>\n\n\n\n<li>Automatisierte Entscheidungsfindung: RL erm\u00f6glicht eine weitgehend automatisierte Tourenplanung und -disposition, wodurch der manuelle Aufwand gegen\u00fcber heuristischer Tourenoptimierung noch einmal reduziert wird.<\/li>\n<\/ul>\n\n\n\n<p id=\"ember62\">Dar\u00fcber hinaus bietet die RL-Tourenoptimierung nat\u00fcrlich alle Vorteile der heute \u00fcblichen Tourenoptimierung.<\/p>\n\n\n\n<h2 class=\"wp-block-heading\" id=\"ember63\">Gibt es bereits Tools, die den Einstieg in die RL-Technologie erleichtern?<\/h2>\n\n\n\n<p id=\"ember64\">Ja, bereits heute bieten Amazon, Google, Microsoft und IBM sowie in Teilbereichen Nvidia, OpenAI und sicher noch einige weitere entsprechende Services an. Speziell f\u00fcr die RL-Tourenoptimierung sind vorrangig folgende Services interessant:<\/p>\n\n\n\n<ul class=\"wp-block-list\">\n<li>SageMaker AI von Amazon<\/li>\n\n\n\n<li>Azure ML von Microsoft<\/li>\n\n\n\n<li>Vertex AI von Google<\/li>\n\n\n\n<li>Watson ML von IBM<\/li>\n<\/ul>\n\n\n\n<h2 class=\"wp-block-heading\" id=\"ember66\">Wie lange dauert die Umsetzung einer RL-Tourenoptimierung?<\/h2>\n\n\n\n<h3 class=\"wp-block-heading\" id=\"ember67\">Phasen und gesch\u00e4tzter Zeitaufwand (vereinfacht dargestellt):<\/h3>\n\n\n\n<ul class=\"wp-block-list\">\n<li>Anforderungsanalyse und Machbarkeitsstudie<\/li>\n\n\n\n<li>Datenaufbereitung relevanter Daten f\u00fcr das Training<\/li>\n\n\n\n<li>Entwicklung der Simulationsumgebung<\/li>\n\n\n\n<li>Entwicklung und Training des RL-Modells<\/li>\n\n\n\n<li>Testing und Iterationen<\/li>\n\n\n\n<li>TMS-Integration oder -Anbindung<\/li>\n<\/ul>\n\n\n\n<p id=\"ember69\">Gesamtdauer: ca. 12-24 Monate, je nach Ressourcen und Komplexit\u00e4t.<\/p>\n\n\n\n<p id=\"ember70\">Durch den Einsatz von Tools wie SageMaker AI oder \u00e4hnlicher Tools kann die Gesamtdauer deutlich (ca. um die H\u00e4lfte) reduziert werden. Proof-of-Concepts bzw. Pilotprojekte k\u00f6nnen ebenfalls schneller umgesetzt werden.<\/p>\n\n\n\n<p id=\"ember71\">Voraussetzung hierf\u00fcr sind entsprechende Systemressourcen (in der Regel von den Cloud-Anbietern zu beziehen) und KI-Experten.<\/p>\n\n\n\n<h2 class=\"wp-block-heading\" id=\"ember72\">Wer kann von RL-Tourenoptimierung profitieren?<\/h2>\n\n\n\n<p id=\"ember73\">Die RL-Tourenoptimierung bietet enormes Potenzial f\u00fcr Effizienzsteigerungen und Kostenersparnis, ist aber nicht f\u00fcr jedes Unternehmen gleicherma\u00dfen geeignet, da sie aktuell noch mit hohen technischen Einstiegsh\u00fcrden verbunden ist und eine hohe KI-Expertise voraussetzt.<\/p>\n\n\n\n<p id=\"ember74\">Unternehmen die entsprechende Ressourcen bereitstellen k\u00f6nnen und\/oder gro\u00dfe Flotten verplanen m\u00fcssen, komplexen\/dynamischen Anforderungen haben oder intermodalen Transporten planen wollen, k\u00f6nnen von den Vorteilen der RL-Tourenoptimierung bereits heute profitieren.<\/p>\n\n\n\n<p id=\"ember75\">Durch die hohe Entwicklungsgeschwindigkeit und die Bereitstellung von unterst\u00fctzenden Services der gro\u00dfen Cloud-Anbieter werden jedoch noch in diesem Jahr auch Unternehmen mit weniger Ressourcen und geringerem Bedarf leichteren Zugang zu RL-Tourenoptimierung erhalten. Vor allem, da davon auszugehen ist, dass neue oder bestehende Anbieter zuk\u00fcnftig vortrainierte Modelle anbieten werden.<\/p>\n\n\n\n<h2 class=\"wp-block-heading\" id=\"ember76\">Fazit<\/h2>\n\n\n\n<p id=\"ember77\">Die Tourenoptimierung steht an der Schwelle zu einer neuen \u00c4ra. Reinforcement Learning bietet nicht nur das Potenzial bestehende Heuristiken zu \u00fcbertreffen, sondern auch v\u00f6llig neue M\u00f6glichkeiten in der Logistik zu erschlie\u00dfen. Unternehmen, die jetzt in RL investieren, k\u00f6nnten in wenigen Jahren die F\u00fchrungsrolle \u00fcbernehmen bzw. diese unterstreichen und von signifikanten Wettbewerbsvorteilen profitieren.<\/p>\n\n\n\n<p id=\"ember78\">Die Frage ist nicht mehr, ob RL die Tourenoptimierung ver\u00e4ndern wird, sondern wann. Angesichts der rasanten Entwicklung scheint der Wandel in den n\u00e4chsten f\u00fcnf bis zehn Jahren unausweichlich. Jetzt ist die Zeit, sich darauf vorzubereiten. Unternehmen wie Amazon und Uber setzen bereits heute aktiv auf entsprechende L\u00f6sungen und experimentieren\/nutzen sie im eigenen Unternehmen.<\/p>\n\n\n\n<p>Ver\u00f6ffentlicht von Volker M\u00f6ller<\/p>\n","protected":false},"excerpt":{"rendered":"<p>Die Optimierung logistischer Touren steht vor einem tiefgreifenden Wandel. In den n\u00e4chsten f\u00fcnf bis zehn Jahren wird Reinforcement Learning (RL) die aktuellen Ans\u00e4tze der Tourenoptimierung abl\u00f6sen und neue Standards in Effizienz und Flexibilit\u00e4t setzen. Dar\u00fcber hinaus werden die Einsparpotenziale signifikant h\u00f6her sein als bei der heute bekannten Tourenoptimierung, da die RL-Tourenoptimierung nicht auf die Stra\u00dfe [&hellip;]<\/p>\n","protected":false},"author":1,"featured_media":0,"parent":0,"menu_order":0,"comment_status":"closed","ping_status":"closed","template":"","meta":{"footnotes":""},"class_list":["post-4451","page","type-page","status-publish","hentry"],"_links":{"self":[{"href":"https:\/\/app.hanseat.me\/tc2\/wp-json\/wp\/v2\/pages\/4451","targetHints":{"allow":["GET"]}}],"collection":[{"href":"https:\/\/app.hanseat.me\/tc2\/wp-json\/wp\/v2\/pages"}],"about":[{"href":"https:\/\/app.hanseat.me\/tc2\/wp-json\/wp\/v2\/types\/page"}],"author":[{"embeddable":true,"href":"https:\/\/app.hanseat.me\/tc2\/wp-json\/wp\/v2\/users\/1"}],"replies":[{"embeddable":true,"href":"https:\/\/app.hanseat.me\/tc2\/wp-json\/wp\/v2\/comments?post=4451"}],"version-history":[{"count":1,"href":"https:\/\/app.hanseat.me\/tc2\/wp-json\/wp\/v2\/pages\/4451\/revisions"}],"predecessor-version":[{"id":4452,"href":"https:\/\/app.hanseat.me\/tc2\/wp-json\/wp\/v2\/pages\/4451\/revisions\/4452"}],"wp:attachment":[{"href":"https:\/\/app.hanseat.me\/tc2\/wp-json\/wp\/v2\/media?parent=4451"}],"curies":[{"name":"wp","href":"https:\/\/api.w.org\/{rel}","templated":true}]}}