{"id":4354,"date":"2025-04-14T22:07:38","date_gmt":"2025-04-14T20:07:38","guid":{"rendered":"https:\/\/app.hanseat.me\/tc2\/?page_id=4354"},"modified":"2025-04-14T22:07:38","modified_gmt":"2025-04-14T20:07:38","slug":"datenschutzerklaerung-2","status":"publish","type":"page","link":"https:\/\/app.hanseat.me\/tc2\/datenschutzerklaerung-2\/","title":{"rendered":"Datenschutzerkl\u00e4rung"},"content":{"rendered":"\n<h2 class=\"wp-block-heading\">Geltungsbereich und Aktualisierungen<\/h2>\n\n\n\n<p>Diese Datenschutzerkl\u00e4rung gilt f\u00fcr die Nutzung der Website <a href=\"http:\/\/www.transportconnected.de\">www.transportconnected.de<\/a>, welche vom Steinbeis-Transferzentrum Telematik innerhalb der Transfer GmbH der Dualen Hochschule Baden-W\u00fcrttemberg (nachfolgend auch \u201eSteinbeis&#8220; abgek\u00fcrzt) betrieben wird.<\/p>\n\n\n\n<p>Wir nehmen den Schutz Ihrer personenbezogenen Daten sehr ernst und beachten die einschl\u00e4gigen datenschutzrechtlichen Regeln, insbesondere die Bestimmungen des Telemediengesetzes (TMG) und des Bundesdatenschutzgesetzes (BDSG). Die von Ihnen \u00fcbermittelten oder erhobenen Daten werden ausschlie\u00dflich im Rahmen der geltenden Datenschutzbestimmungen (TMG oder BDSG) erhoben, genutzt, verarbeitet, gespeichert und ggf. \u2013 jedoch nur sofern gesetzlich vorgeschrieben oder vertraglich notwendig \u2013 an Dritte weitergeleitet.<\/p>\n\n\n\n<p>Durch die Weiterentwicklung unserer Internetseite oder durch neue Technologien k\u00f6nnen \u00c4nderungen dieser Datenschutzerkl\u00e4rung notwendig werden. Das Steinbeis-Transferzentrum Telematik beh\u00e4lt sich daher das Recht vor, seine Datenschutzerkl\u00e4rung f\u00fcr transportconnected.de jederzeit gem\u00e4\u00df den aktuellen Entwicklungen anzupassen.<\/p>\n\n\n\n<p>Die datenschutzrechtlichen Ma\u00dfnahmen unterliegen stets technischen Erneuerungen. Aus diesem Grund bitten wir Sie, sich \u00fcber unsere Datenschutzma\u00dfnahmen in regelm\u00e4\u00dfigen Abst\u00e4nden durch das Lesen unserer Datenschutzerkl\u00e4rung zu informieren.<\/p>\n\n\n\n<h2 class=\"wp-block-heading\">Datenverarbeitung beim Besuch unserer Website<\/h2>\n\n\n\n<p>Bei jedem Besuch einer Internetseite werden Daten erhoben und ausgetauscht. Beim Aufruf unserer Internetseite, erhebt und speichert unser Server automatisch und tempor\u00e4r folgende Angaben in den Server-Logfiles, die durch Ihren Browser \u00fcbermittelt werden:<\/p>\n\n\n\n<ul class=\"wp-block-list\">\n<li>IP-Adresse des anfragenden Rechners<\/li>\n\n\n\n<li>Dateianfrage des Clients<\/li>\n\n\n\n<li>Die Internet-Seite, von der aus Sie uns besuchen (Referrer URL)<\/li>\n\n\n\n<li>Browsertyp und \u2013version<\/li>\n\n\n\n<li>Verwendetes Betriebssystem des anfragenden Rechners<\/li>\n\n\n\n<li>Name der abgerufenen Website<\/li>\n\n\n\n<li>Datei, Datum und Uhrzeit des Abrufs<\/li>\n\n\n\n<li>\u00dcbertragene Datenmenge<\/li>\n\n\n\n<li>Meldung \u00fcber erfolgreichen Abruf<\/li>\n<\/ul>\n\n\n\n<p>Steinbeis wertet die Daten nur f\u00fcr statistische Zwecke aus, zum Beispiel um die Nachfrage zu messen. Eine personenbezogene Auswertung der Server-Logfiles findet nicht statt. Die Daten sind f\u00fcr Steinbeis nicht bestimmten Personen zuordenbar. Eine Zusammenf\u00fchrung dieser Daten mit anderen Datenquellen wird nicht vorgenommen. Nach einer statistischen Auswertung werden die Daten wieder gel\u00f6scht.<\/p>\n\n\n\n<p>Bei der Nutzung des Dienstes \u201eBeratung&#8220; k\u00f6nnen sich Nutzer ein Lastenheft zusammenstellen, welches im Anschluss f\u00fcr Angebotsanfragen genutzt werden kann. Alternativ kann der Nutzer das Lastenheft als PDF-Dokument auch f\u00fcr eigene Zwecke erwerben.<\/p>\n\n\n\n<p>Hierf\u00fcr muss der Nutzer pers\u00f6nliche Kontaktdaten eingeben:<\/p>\n\n\n\n<ul class=\"wp-block-list\">\n<li>Name, Vorname<\/li>\n\n\n\n<li>Funktion<\/li>\n\n\n\n<li>E-Mail-Adresse<\/li>\n\n\n\n<li>Name und Anschrift des Unternehmens<\/li>\n<\/ul>\n\n\n\n<p>Diese Daten werden ausschlie\u00dflich zu Zwecken der Weiterbearbeitung des Lastenheftankaufs oder der Angebotsanfrage verwendet. Der Nutzer erkl\u00e4rt sich damit einverstanden, dass diese Daten von Steinbeis auch an die vom Nutzer f\u00fcr eine Angebotsaufforderung ausgew\u00e4hlten Systemanbieter weitergegeben werden k\u00f6nnen. Sofern der Nutzer das Lastenheft f\u00fcr eigene Zwecke erwerben will, erkl\u00e4rt er sich damit einverstanden, dass die o.g. Daten auch an einen mit der Fakturierung beauftragten Kooperationspartner oder Dienstleister weitergegeben werden k\u00f6nnen.<\/p>\n\n\n\n<h2 class=\"wp-block-heading\">Verwendung von Cookies<\/h2>\n\n\n\n<p>Steinbeis verwendet auf <a href=\"http:\/\/www.transportconnected.de\">www.transportconnected.de<\/a> sogenannte Cookies. Ein Cookie ist eine kleine Textdatei, die von einer Website auf Ihrer Festplatte abgelegt wird und die eine Analyse der Benutzung der Website durch Sie erm\u00f6glicht. Cookies erlauben nicht, dass ein Server private Daten von Ihrem Computer oder die von einem anderen Server abgelegten Daten lesen kann. Sie richten auf Ihrem Rechner keinen Schaden an und enthalten keine Viren.<\/p>\n\n\n\n<p>Die Cookies unserer Internetseite erheben keinerlei pers\u00f6nliche Daten \u00fcber Sie oder Ihre Nutzung. Die in Cookies enthaltenen Informationen verwenden wir, um Ihnen die Nutzung unserer Seiten zu erleichtern und sie auf Ihre Bed\u00fcrfnisse abzustimmen.<\/p>\n\n\n\n<p>Nat\u00fcrlich k\u00f6nnen Sie unsere Website auch ohne Cookies betrachten. Falls Sie nicht m\u00f6chten, dass Cookies auf Ihrem Rechner gespeichert werden, k\u00f6nnen Sie die entsprechende Option in den Systemeinstellungen Ihres Browsers deaktivieren. Das kann allerdings zu Funktionseinschr\u00e4nkungen unserer Angebote f\u00fchren. Es ist m\u00f6glich, dass Sie gewisse interaktive M\u00f6glichkeiten unserer Webseite nicht verwenden k\u00f6nnen. Gespeicherte Cookies k\u00f6nnen Sie in den Systemeinstellungen Ihres Browsers jederzeit l\u00f6schen.<\/p>\n\n\n\n<h2 class=\"wp-block-heading\">Piwik<\/h2>\n\n\n\n<p>Die Website <a href=\"http:\/\/www.transportconnected.de\">www.transportconnected.de<\/a> verwendet Piwik, dies ist ein sogenannter Webanalysedienst. Piwik verwendet \u201eCookies&#8220;, siehe vorstehender Absatz. Die durch das Cookie erzeugten Informationen \u00fcber Ihre Benutzung der Website werden an unseren Server \u00fcbertragen und zu Analysezwecken gespeichert, um Ihre Nutzung der Website auszuwerten, um Reports \u00fcber die Websiteaktivit\u00e4ten zusammenzustellen und um weitere mit der Websitenutzung und der Internetnutzung verbundene Dienstleistungen gegen\u00fcber dem Websitebetreiber zu erbringen.<\/p>\n\n\n\n<p>Ihre Nutzungsdaten werden nicht an Dritte weitergegeben. Ihre IP-Adresse wird bei diesem Vorgang anonymisiert, so dass Sie als Nutzer f\u00fcr uns anonym bleiben. Die im Rahmen von Piwik von Ihrem Browser \u00fcbermittelte IP-Adresse wird nicht mit anderen Daten zusammengef\u00fchrt.<\/p>\n\n\n\n<h2 class=\"wp-block-heading\">Verwendung von Samdock<\/h2>\n\n\n\n<h3 class=\"wp-block-heading\">Sammlung und Speicherung von Daten<\/h3>\n\n\n\n<p>Im Rahmen von Anfragen \u00fcber unsere Onlineformulare werden die von Ihnen \u00fcbermittelten Stammdaten (wie Name, E-Mail-Adresse, Telefonnummer etc.) in unserem Customer Relationship Management System (\u201eCRM-System&#8220;) gespeichert. Wir nutzen das CRM-System der Firma Samdock GmbH, Walter-Gropius-Stra\u00dfe 17, 80807 M\u00fcnchen, um Anfragen der Nutzer schneller und effizienter bearbeiten zu k\u00f6nnen (berechtigtes Interesse gem\u00e4\u00df Art. 6 Abs. 1 lit. f DSGVO).<\/p>\n\n\n\n<h3 class=\"wp-block-heading\">Auftragsverarbeitungsvertrag<\/h3>\n\n\n\n<p>Wir haben einen Auftragsverarbeitungsvertrag (AVV) mit Samdock GmbH geschlossen. Dieser Vertrag regelt den Umfang, den Zweck und die Dauer der Verarbeitung von personenbezogenen Daten im Einklang mit den gesetzlichen Anforderungen.<\/p>\n\n\n\n<h3 class=\"wp-block-heading\">Datenspeicherung und -sicherheit<\/h3>\n\n\n\n<p>Ihre Daten werden bis auf Widerruf in unserem CRM-System gespeichert. Samdock hostet unsere Daten innerhalb der Europ\u00e4ischen Union und ergreift alle notwendigen Ma\u00dfnahmen, um die Sicherheit Ihrer Daten gem\u00e4\u00df den geltenden Datenschutzgesetzen zu gew\u00e4hrleisten.<\/p>\n\n\n\n<h3 class=\"wp-block-heading\">Widerrufsrecht<\/h3>\n\n\n\n<p>Sie haben das Recht, Ihre Einwilligung zur Speicherung Ihrer Daten jederzeit zu widerrufen. In einem solchen Fall werden Ihre Daten aus dem CRM-System gel\u00f6scht, sofern keine gesetzlichen Aufbewahrungspflichten bestehen.<\/p>\n\n\n\n<h2 class=\"wp-block-heading\">Weitergabe an Dritte<\/h2>\n\n\n\n<p>Steinbeis gibt Ihre personenbezogenen Daten nicht an Dritte weiter. Von diesem Grundsatz abweichend erfolgt eine Weitergabe nur:<\/p>\n\n\n\n<ul class=\"wp-block-list\">\n<li>im Rahmen einer von Ihnen erteilten Einwilligung<\/li>\n\n\n\n<li>wenn die \u00dcbermittlung zur Durchf\u00fchrung von Angeboten oder Diensten, welche Sie beanspruchen wollen, unerl\u00e4sslich ist<\/li>\n\n\n\n<li>wenn ein Unterbeauftragter, den Steinbeis zur Erbringung der Angebote oder Dienste einsetzt, die Daten ben\u00f6tigt und zweckgebunden verwendet<\/li>\n\n\n\n<li>im Rahmen der Erf\u00fcllung rechtlicher Verpflichtungen an auskunftsberechtigte Stellen<\/li>\n<\/ul>\n\n\n\n<h2 class=\"wp-block-heading\">Haftung f\u00fcr Weblinks<\/h2>\n\n\n\n<p>Unsere Website enth\u00e4lt Weblinks zu externen Websites Dritter, auf deren Inhalt wir keinen Einfluss haben. Es handelt sich um fremde Angebote, deren Inhalte wir uns ausdr\u00fccklich nicht zu eigen machen. F\u00fcr die Inhalte der verlinkten Seiten ist stets der jeweilige Anbieter oder Betreiber der Seiten verantwortlich. Die verlinkten Websites wurden zum Zeitpunkt der Verlinkung auf m\u00f6gliche Rechtsverst\u00f6\u00dfe \u00fcberpr\u00fcft. Rechtswidrige Inhalte waren zum Zeitpunkt der Verlinkung nicht erkennbar.<\/p>\n\n\n\n<h2 class=\"wp-block-heading\">Regelfristen zur Datenl\u00f6schung<\/h2>\n\n\n\n<p>Aufgrund gesetzlicher Bestimmungen gelten bestimmte Aufbewahrungspflichten und -fristen. Nach Ablauf dieser Fristen werden die entsprechenden Daten routinem\u00e4\u00dfig gel\u00f6scht. Im \u00dcbrigen werden personenbezogene Daten gel\u00f6scht, sobald sie zur Erf\u00fcllung des Zwecks, zu dem sie erhoben wurden, nicht mehr erforderlich sind oder die Legitimationsgrundlage f\u00fcr den Datenumgang entf\u00e4llt (z. B. durch den Widerruf einer Einwilligung).<\/p>\n\n\n\n<h2 class=\"wp-block-heading\">Auskunftsrecht und Berichtigungen<\/h2>\n\n\n\n<p>Sie haben gegen\u00fcber Steinbeis jederzeit das Recht auf kostenlose Auskunft \u00fcber die zu Ihrer Person gespeicherten personenbezogenen Daten. Bei Fragen zur Erhebung, Verarbeitung oder Nutzung Ihrer personenbezogenen Daten bei transportconnected.de wenden Sie sich bitte an <strong><a href=\"mailto:su1938@stw.de\">su1938@stw.de<\/a><\/strong>.<\/p>\n\n\n\n<p>Zus\u00e4tzlich haben Sie das Recht auf Berichtigung unrichtiger Daten, Sperrung und L\u00f6schung Ihrer personenbezogenen Daten, soweit dem keine gesetzliche Aufbewahrungspflicht entgegensteht.<\/p>\n\n\n\n<h2 class=\"wp-block-heading\">Widerrufs- und Widerspruchsrecht<\/h2>\n\n\n\n<p>Sie k\u00f6nnen Steinbeis ggf. erteilte datenschutzrechtliche Einwilligungserkl\u00e4rungen jederzeit mit Wirkung f\u00fcr die Zukunft widerrufen, indem Sie uns dies \u00fcber die unten stehenden Kontaktdaten formlos mitteilen. Hierf\u00fcr entstehen Ihnen keine Kosten au\u00dfer den \u00dcbermittlungskosten nach den Basistarifen.<\/p>\n","protected":false},"excerpt":{"rendered":"<p>Geltungsbereich und Aktualisierungen Diese Datenschutzerkl\u00e4rung gilt f\u00fcr die Nutzung der Website www.transportconnected.de, welche vom Steinbeis-Transferzentrum Telematik innerhalb der Transfer GmbH der Dualen Hochschule Baden-W\u00fcrttemberg (nachfolgend auch \u201eSteinbeis&#8220; abgek\u00fcrzt) betrieben wird. Wir nehmen den Schutz Ihrer personenbezogenen Daten sehr ernst und beachten die einschl\u00e4gigen datenschutzrechtlichen Regeln, insbesondere die Bestimmungen des Telemediengesetzes (TMG) und des Bundesdatenschutzgesetzes (BDSG). [&hellip;]<\/p>\n","protected":false},"author":1,"featured_media":0,"parent":0,"menu_order":0,"comment_status":"closed","ping_status":"closed","template":"","meta":{"footnotes":""},"class_list":["post-4354","page","type-page","status-publish","hentry"],"_links":{"self":[{"href":"https:\/\/app.hanseat.me\/tc2\/wp-json\/wp\/v2\/pages\/4354","targetHints":{"allow":["GET"]}}],"collection":[{"href":"https:\/\/app.hanseat.me\/tc2\/wp-json\/wp\/v2\/pages"}],"about":[{"href":"https:\/\/app.hanseat.me\/tc2\/wp-json\/wp\/v2\/types\/page"}],"author":[{"embeddable":true,"href":"https:\/\/app.hanseat.me\/tc2\/wp-json\/wp\/v2\/users\/1"}],"replies":[{"embeddable":true,"href":"https:\/\/app.hanseat.me\/tc2\/wp-json\/wp\/v2\/comments?post=4354"}],"version-history":[{"count":1,"href":"https:\/\/app.hanseat.me\/tc2\/wp-json\/wp\/v2\/pages\/4354\/revisions"}],"predecessor-version":[{"id":4355,"href":"https:\/\/app.hanseat.me\/tc2\/wp-json\/wp\/v2\/pages\/4354\/revisions\/4355"}],"wp:attachment":[{"href":"https:\/\/app.hanseat.me\/tc2\/wp-json\/wp\/v2\/media?parent=4354"}],"curies":[{"name":"wp","href":"https:\/\/api.w.org\/{rel}","templated":true}]}}