{"id":4352,"date":"2025-04-14T22:05:09","date_gmt":"2025-04-14T20:05:09","guid":{"rendered":"https:\/\/app.hanseat.me\/tc2\/?page_id=4352"},"modified":"2025-08-13T14:09:27","modified_gmt":"2025-08-13T12:09:27","slug":"impressum","status":"publish","type":"page","link":"https:\/\/app.hanseat.me\/tc2\/impressum\/","title":{"rendered":"Impressum"},"content":{"rendered":"\n<h2 class=\"wp-block-heading\">Anbieter dieser Website<\/h2>\n\n\n\n<p><strong>Steinbeis-Transferzentrum Telematik<\/strong> (nachfolgend auch STZ Telematik genannt)<\/p>\n\n\n\n<p>Schwabstr. 14<br>88046 Friedrichshafen<br>E-Mail: su1938@stw.de<\/p>\n\n\n\n<p><em>Ein Unternehmen im Steinbeis-Verbund<\/em><\/p>\n\n\n\n<h3 class=\"wp-block-heading\">Zentrale:<\/h3>\n\n\n\n<p>Transfer GmbH der Dualen Hochschule Baden-W\u00fcrttemberg<br>Adornostr. 8<br>70599 Stuttgart<br>Germany<\/p>\n\n\n\n<p>Sitz der Gesellschaft\/Registered Office: Stuttgart<br>Registergericht\/Register Court: Stuttgart HRB 746252<br>Gesch\u00e4ftsf\u00fchrung\/Management Board: Oliver Damnik, Uwe Haug<br>USt-Ident-Nr. DE 190606404<br>Fon: 0711\/1839-5<\/p>\n\n\n\n<h2 class=\"wp-block-heading\">Bildquellen<\/h2>\n\n\n\n<p>Bildmaterialien, insbesondere in den Header-Grafiken, wurden uns, sofern nicht anders angegeben, mit freundlicher Genehmigung von<\/p>\n\n\n\n<ul class=\"wp-block-list\">\n<li>AIS Advanced Infodata Systems GmbH<\/li>\n\n\n\n<li>Funkwerk eurotelematik GmbH<\/li>\n\n\n\n<li>und Agentur Sputnik \/ Trimble Transport &amp; Logistics<\/li>\n<\/ul>\n\n\n\n<p>zur Verf\u00fcgung gestellt.<\/p>\n\n\n\n<p>Icons: Icon made by Freepik from www.flaticon.com<\/p>\n\n\n\n<h2 class=\"wp-block-heading\">Redaktionsleitung<\/h2>\n\n\n\n<p>Prof. Dr. Heinz-Leo Dudek, Heinz-Leo.Dudek(at)stw.de<\/p>\n\n\n\n<h2 class=\"wp-block-heading\">AGG<\/h2>\n\n\n\n<p>Personen- und Funktionsbezeichnungen gelten jeweils in weiblicher und m\u00e4nnlicher Form.<\/p>\n\n\n\n<h2 class=\"wp-block-heading\">Haftung f\u00fcr Inhalte<\/h2>\n\n\n\n<p>Die Inhalte dieser Website werden mit gr\u00f6\u00dftm\u00f6glicher Sorgfalt erstellt. Der Anbieter \u00fcbernimmt jedoch keine Gew\u00e4hr f\u00fcr die Richtigkeit, Vollst\u00e4ndigkeit und Aktualit\u00e4t der bereitgestellten Inhalte. Die Nutzung der Inhalte der Website erfolgt auf eigene Gefahr des Nutzers. Namentlich gekennzeichnete Beitr\u00e4ge geben die Meinung des jeweiligen Autors und nicht immer die Meinung des Anbieters wieder. Daneben wird f\u00fcr Sch\u00e4den, die beim Aufrufen oder Herunterladen von Daten verursacht werden, nicht gehaftet.<\/p>\n\n\n\n<h2 class=\"wp-block-heading\">Externe Links<\/h2>\n\n\n\n<p>Das STZ Telematik ist als Inhalteanbieter (Content Provider) nach \u00a7 7 Abs. 1 des Telemediengesetzes (TMG) bzw. \u00a7 55 Staatsvertrages \u00fcber Rundfunk und Telemedien (RStV) f\u00fcr die \u201eeigenen Inhalte&#8220;, die es zur Nutzung bereith\u00e4lt, verantwortlich. Von diesen eigenen Inhalten sind Querverweise (\u201eLinks&#8220;) auf die von anderen Anbietern bereitgehaltenen Inhalte (externe Websites) zu unterscheiden.<\/p>\n\n\n\n<p>Durch Querverweise h\u00e4lt das STZ Telematik \u201efremde Inhalte&#8220; zur Nutzung bereit. Die Verantwortlichkeit f\u00fcr die fremden Inhalte liegt alleine bei dem Anbieter, der die Inhalte bereith\u00e4lt, nicht beim STZ Telematik. Dieses erkl\u00e4rt ausdr\u00fccklich, bei der erstmaligen Verkn\u00fcpfung die fremden Angebote auf gesetzeswidrige Inhalte \u00fcberpr\u00fcft zu haben. Nach Einsch\u00e4tzung des STZ Telematik waren zum Zeitpunkt der Linksetzung jedoch keine illegalen oder diskriminierenden Inhalte erkennbar.<\/p>\n\n\n\n<p>Auf die aktuelle und zuk\u00fcnftige Gestaltung, die Inhalte oder Urheberschaft der verkn\u00fcpften externen Websites hat das STZ Telematik keinerlei Einfluss. Da eine permanente inhaltliche Kontrolle, der verlinkten externen Seiten jedoch ohne konkrete Anhaltspunkte einer Rechtsverletzung nicht zumutbar ist, distanziert sich das STZ Telematik hiermit ausdr\u00fccklich von s\u00e4mtlichen Inhalten aller verkn\u00fcpften externen Websites, die nach der durch das STZ Telematik erfolgten Linksetzung ver\u00e4ndert wurden.<\/p>\n\n\n\n<p>Diese Feststellung gilt f\u00fcr alle innerhalb des eigenen Internetangebots gesetzten Links und Verweise sowie f\u00fcr m\u00f6gliche Fremdeintr\u00e4ge in vom STZ Telematik eingerichteten Diskussionsforen und Mailinglisten. Das STZ Telematik wird unmittelbar nach Erlangung der Kenntnis dar\u00fcber, dass ein konkretes Internetangebot, zu dem sie den Link hergestellt hat, eine zivil- oder strafrechtliche Verantwortlichkeit ausl\u00f6sen kann, den Verweis auf diese Seiten aufheben, soweit dies technisch m\u00f6glich ist.<\/p>\n\n\n\n<p>F\u00fcr illegale, fehlerhafte oder unvollst\u00e4ndige Inhalte und insbesondere f\u00fcr Sch\u00e4den, die aus der Nutzung oder Nichtnutzung solcher dargebotener Information entstehen, haftet allein der Anbieter der Seite, auf welche verwiesen wurde, nicht derjenige, der \u00fcber Links auf die jeweilige Ver\u00f6ffentlichung lediglich verweist.<\/p>\n\n\n\n<h2 class=\"wp-block-heading\">Urheberrecht<\/h2>\n\n\n\n<p>S\u00e4mtliche auf dieser Website ver\u00f6ffentlichten Texte, Bilder, Grafiken, Ton-, Video- und Animationsdateien sowie ihre Arrangements unterliegen dem deutschen Urheberrecht und anderen Leistungsschutzgesetzen. Das Copyright verbleibt beim STZ Telematik.<\/p>\n\n\n\n<p>Ein Download oder Ausdruck dieser Ver\u00f6ffentlichungen ist ausschlie\u00dflich f\u00fcr den pers\u00f6nlichen Gebrauch gestattet. Alle dar\u00fcber hinaus gehenden Verwendungen, insbesondere die kommerzielle Nutzung und Verbreitung in anderen elektronischen oder gedruckten Publikationen sowie die Darstellung dieser Website in fremden Frames, sind grunds\u00e4tzlich nicht gestattet und bed\u00fcrfen der schriftlichen Genehmigung durch das STZ Telematik.<\/p>\n\n\n\n<p>Die Website \u201etransportconnected.de&#8220; ist gesch\u00fctzt als Datenbankwerk nach \u00a7 4 und \u00a7 87 UrhG. Soweit die Inhalte auf dieser Seite nicht vom Betreiber erstellt wurden, werden die Inhalte und Rechte Dritter als solche gekennzeichnet und die Urheberrechte Dritter beachtet.<\/p>\n","protected":false},"excerpt":{"rendered":"<p>Anbieter dieser Website Steinbeis-Transferzentrum Telematik (nachfolgend auch STZ Telematik genannt) Schwabstr. 1488046 FriedrichshafenE-Mail: su1938@stw.de Ein Unternehmen im Steinbeis-Verbund Zentrale: Transfer GmbH der Dualen Hochschule Baden-W\u00fcrttembergAdornostr. 870599 StuttgartGermany Sitz der Gesellschaft\/Registered Office: StuttgartRegistergericht\/Register Court: Stuttgart HRB 746252Gesch\u00e4ftsf\u00fchrung\/Management Board: Oliver Damnik, Uwe HaugUSt-Ident-Nr. DE 190606404Fon: 0711\/1839-5 Bildquellen Bildmaterialien, insbesondere in den Header-Grafiken, wurden uns, sofern nicht anders [&hellip;]<\/p>\n","protected":false},"author":1,"featured_media":0,"parent":0,"menu_order":0,"comment_status":"closed","ping_status":"closed","template":"","meta":{"footnotes":""},"class_list":["post-4352","page","type-page","status-publish","hentry"],"_links":{"self":[{"href":"https:\/\/app.hanseat.me\/tc2\/wp-json\/wp\/v2\/pages\/4352","targetHints":{"allow":["GET"]}}],"collection":[{"href":"https:\/\/app.hanseat.me\/tc2\/wp-json\/wp\/v2\/pages"}],"about":[{"href":"https:\/\/app.hanseat.me\/tc2\/wp-json\/wp\/v2\/types\/page"}],"author":[{"embeddable":true,"href":"https:\/\/app.hanseat.me\/tc2\/wp-json\/wp\/v2\/users\/1"}],"replies":[{"embeddable":true,"href":"https:\/\/app.hanseat.me\/tc2\/wp-json\/wp\/v2\/comments?post=4352"}],"version-history":[{"count":2,"href":"https:\/\/app.hanseat.me\/tc2\/wp-json\/wp\/v2\/pages\/4352\/revisions"}],"predecessor-version":[{"id":4546,"href":"https:\/\/app.hanseat.me\/tc2\/wp-json\/wp\/v2\/pages\/4352\/revisions\/4546"}],"wp:attachment":[{"href":"https:\/\/app.hanseat.me\/tc2\/wp-json\/wp\/v2\/media?parent=4352"}],"curies":[{"name":"wp","href":"https:\/\/api.w.org\/{rel}","templated":true}]}}