{"id":134,"date":"2013-01-13T11:42:49","date_gmt":"2013-01-13T10:42:49","guid":{"rendered":"http:\/\/telematikwissen.de\/?page_id=134"},"modified":"2013-01-13T11:42:49","modified_gmt":"2013-01-13T10:42:49","slug":"personalmanagement","status":"publish","type":"page","link":"https:\/\/app.hanseat.me\/tc2\/funktionen\/personalmanagement\/","title":{"rendered":"Personalmanagement"},"content":{"rendered":"<h2>Inhalts\u00fcbersicht<\/h2>\n<p><strong>Welche Fragen werden auf dieser Seite gekl\u00e4rt?<\/strong><\/p>\n<ul>\n<li>Welche Rolle spielt Personalmanagement im Flottenbetrieb?<\/li>\n<li>Wie kann Telematik die Speditionen bei dem Personalmanagement unterst\u00fctzen?<\/li>\n<li>Wie sch\u00fctzt ein Telematik-System den Fahrer?<\/li>\n<\/ul>\n<h2>Personalmanagement im Flottenbetrieb<\/h2>\n<p>Telematikfunktionen zum Personalmanagement fokussieren ausschlie\u00dflich auf den Fahrer und vorwiegend auf <strong>Informationen zu dessen aktuellem Einsatz<\/strong>. Ein Disponent ben\u00f6tigt laufend Informationen dar\u00fcber, <strong>welcher Fahrer ein bestimmtes Fahrzeug bewegt<\/strong>, und welche <strong>restliche Lenk- und Arbeitszeit<\/strong> dieser Fahrer an diesem Tag bzw. in dieser Woche noch ableisten kann, ohne EU-weite oder nationale Regularien und Sozialvorschriften zu verletzen.<\/p>\n<p>Eine wichtige Vorschrift ist insbesondere die Verordnung (EG) 561\/2006, welche die Lenk- und Ruhezeiten f\u00fcr Fahrer von Fahrzeugen mit einem zul\u00e4ssigen Gesamtgewicht einschlie\u00dflich Anh\u00e4nger von \u00fcber 3,5 Tonnen im gewerblichen G\u00fcter- oder Personenverkehr in der EU verbindlich regelt. Daneben gilt es, nationale Gesetze zu beachten, wie etwa in Deutschland das Arbeitszeitgesetz (ArbZG).<\/p>\n<div id=\"attachment_1273\" style=\"width: 447px\" class=\"wp-caption alignnone\"><a href=\"http:\/\/telematikwissen.de\/wp-content\/uploads\/2013\/01\/Arbeitstag_3.png\"><img loading=\"lazy\" decoding=\"async\" aria-describedby=\"caption-attachment-1273\" class=\"size-full wp-image-1273\" src=\"http:\/\/telematikwissen.de\/wp-content\/uploads\/2013\/01\/Arbeitstag_3.png\" alt=\"Arbeitstag Restlenkzeit\" width=\"437\" height=\"300\" srcset=\"https:\/\/app.hanseat.me\/tc2\/wp-content\/uploads\/2013\/01\/Arbeitstag_3.png 609w, https:\/\/app.hanseat.me\/tc2\/wp-content\/uploads\/2013\/01\/Arbeitstag_3-300x206.png 300w\" sizes=\"auto, (max-width: 437px) 100vw, 437px\" \/><\/a><p id=\"caption-attachment-1273\" class=\"wp-caption-text\">Kl\u00e4rung der Restlenk-\/Arbeitszeit durch Erfassung mittels Telematiksystem (Eigene Darstellung)<\/p><\/div>\n<h2>Telematik und Fahreridentifikation<\/h2>\n<p>Eine der Grundfunktionen eines Telematiksystems ist daher, den aktuellen Fahrer eines Fahrzeugs zu identifizieren und diese Information zur Zentrale zu \u00fcbertragen. Typische Hilfsmittel zur Fahreridentifikation sind:<\/p>\n<ul>\n<li>die <strong>PIN-gesicherte Eingabe des Namens<\/strong> (oder einer Fahrernummer) am Bildschirm des Telematikbordrechners;<\/li>\n<li>ein mit dem Telematikbordrechner verbundenes <strong>RFID-Leseger\u00e4t<\/strong> im Fahrzeug, an das der Fahrer einen pers\u00f6nlichen RFID-Chip oder Stick h\u00e4lt;<\/li>\n<li>die <strong>Fahrerkarte<\/strong> des EG-Kontrollger\u00e4ts.<\/li>\n<\/ul>\n<div id=\"attachment_1394\" style=\"width: 970px\" class=\"wp-caption alignnone\"><a href=\"http:\/\/telematikwissen.de\/wp-content\/uploads\/2013\/01\/FahrerIdentifikation2.png\"><img loading=\"lazy\" decoding=\"async\" aria-describedby=\"caption-attachment-1394\" class=\"size-full wp-image-1394\" src=\"http:\/\/telematikwissen.de\/wp-content\/uploads\/2013\/01\/FahrerIdentifikation2.png\" alt=\"Graphische Darstellung der M\u00f6glichkeiten zur Identifizierung des Fahrers\" width=\"960\" height=\"720\" srcset=\"https:\/\/app.hanseat.me\/tc2\/wp-content\/uploads\/2013\/01\/FahrerIdentifikation2.png 960w, https:\/\/app.hanseat.me\/tc2\/wp-content\/uploads\/2013\/01\/FahrerIdentifikation2-300x225.png 300w, https:\/\/app.hanseat.me\/tc2\/wp-content\/uploads\/2013\/01\/FahrerIdentifikation2-768x576.png 768w\" sizes=\"auto, (max-width: 960px) 100vw, 960px\" \/><\/a><p id=\"caption-attachment-1394\" class=\"wp-caption-text\">M\u00f6glichkeiten zur Identifizierung des Fahrers (Eigene Darstellung)<\/p><\/div>\n<p>Das <strong>EG-Kontrollger\u00e4t<\/strong>, auch (digitaler) Tachograph oder Fahrtenschreiber genannt, wurde mit der o.g. Verordnung (EG) 561\/2006 f\u00fcr alle Neufahrzeuge der entsprechenden Gewichtsklasse zur <strong>Pflichtausr\u00fcstung<\/strong>. \u00dcber eine Chipkarte, die so genannte Fahrerkarte, identifiziert sich der Fahrer am EG-Kontrollger\u00e4t. Ist dieses \u00fcber eine digitale Schnittstelle mit einem Telematikbordrechner verbunden, kann die Fahreridentit\u00e4t in die Zentrale \u00fcbertragen und dort f\u00fcr weitere Funktionen genutzt werden.<\/p>\n<div id=\"attachment_274\" style=\"width: 210px\" class=\"wp-caption aligncenter\"><a href=\"http:\/\/telematikwissen.de\/wp-content\/uploads\/2013\/02\/Continental-Aftermarket-Bild.jpg\"><img loading=\"lazy\" decoding=\"async\" aria-describedby=\"caption-attachment-274\" class=\" wp-image-274    \" title=\"Digitaler Tachograph \" src=\"http:\/\/telematikwissen.de\/wp-content\/uploads\/2013\/02\/Continental-Aftermarket-Bild.jpg\" alt=\"\" width=\"200\" height=\"150\" srcset=\"https:\/\/app.hanseat.me\/tc2\/wp-content\/uploads\/2013\/02\/Continental-Aftermarket-Bild.jpg 817w, https:\/\/app.hanseat.me\/tc2\/wp-content\/uploads\/2013\/02\/Continental-Aftermarket-Bild-300x225.jpg 300w, https:\/\/app.hanseat.me\/tc2\/wp-content\/uploads\/2013\/02\/Continental-Aftermarket-Bild-768x575.jpg 768w\" sizes=\"auto, (max-width: 200px) 100vw, 200px\" \/><\/a><p id=\"caption-attachment-274\" class=\"wp-caption-text\">Quelle: obs\/Continental Aftermarket GmbH<\/p><\/div>\n<p>F\u00fcr Fahrzeuge, die nicht der Ausr\u00fcstungspflicht mit dem EG-Kontrollger\u00e4t unterliegen, wird \u00fcblicherweise eines der beiden anderen o.g. Verfahren zur Fahreridentifikation benutzt.<br \/>\nMit der Information \u00fcber die Fahreridentit\u00e4t kann das Telematiksystem die verf\u00fcgbare Restlenkzeit bestimmen, was eine zwingende <strong>Randbedingung f\u00fcr die Disposition neuer Touren und Transportauftr\u00e4ge<\/strong> darstellt. Die Darstellung des Fahrernamens und seiner noch verf\u00fcgbaren Tages- und Wochenlenkzeit kann in Tabellenform (siehe folgendes Beispiel) oder als &#8222;Label&#8220; am Fahrzeugsymbol in der Kartendarstellung erfolgen.<\/p>\n<div id=\"attachment_275\" style=\"width: 276px\" class=\"wp-caption aligncenter\"><a href=\"http:\/\/telematikwissen.de\/wp-content\/uploads\/2013\/02\/Funkwerk-Bild.png\"><img loading=\"lazy\" decoding=\"async\" aria-describedby=\"caption-attachment-275\" class=\" wp-image-275   \" title=\"Fahrerlenkzeiten Beispiel\" src=\"http:\/\/telematikwissen.de\/wp-content\/uploads\/2013\/02\/Funkwerk-Bild.png\" alt=\"\" width=\"266\" height=\"150\" srcset=\"https:\/\/app.hanseat.me\/tc2\/wp-content\/uploads\/2013\/02\/Funkwerk-Bild.png 679w, https:\/\/app.hanseat.me\/tc2\/wp-content\/uploads\/2013\/02\/Funkwerk-Bild-300x169.png 300w\" sizes=\"auto, (max-width: 266px) 100vw, 266px\" \/><\/a><p id=\"caption-attachment-275\" class=\"wp-caption-text\">Quelle: Funkwerk eurotelematik GmbH<\/p><\/div>\n<p>Die Fahrer-ID ist ebenfalls f\u00fcr die unter <a title=\"Technisches Fahrzeugmanagement\" href=\"http:\/\/telematikwissen.de\/?page_id=132\" target=\"_blank\" rel=\"noopener\">Technisches Fahrzeugmanagement<\/a> beschriebene Fahrerbewertung n\u00f6tig, um die \u00fcber die CAN-Bus-Schnittstelle erfassten Daten zur Fahrweise dem jeweiligen Fahrer zugeordnen zu k\u00f6nnen.<\/p>\n<h2>Schutzfunktion f\u00fcr den Fahrer<\/h2>\n<p>F\u00fcr den Fahrer eines Fahrzeugs mit digitalem Tachographen bietet die <strong>Aufzeichnung seiner Lenkzeiten<\/strong> einen Schutz f\u00fcr ihn, dass er seine Arbeitszeiten einhalten. Die Beachtung der geregelten Arbeitszeiten verlangt die <strong>Einhaltung von Lenkzeiten, Lenkzeit-Unterbrechungen und t\u00e4glichen Ruhezeiten<\/strong>. \u00dcber die eindeutige Fahrerkarte wird das \u00fcber einen l\u00e4ngeren Zeitraum gespeichert und ist dadurch nachverfolgbar. Bei Nicht-Beachtung dieser Zeiten bzw. Zulassen von Verst\u00f6\u00dfen gegen die Regelung dazu drohen Strafen. Daher sind sowohl der Fahrer, ganz besonders aber auch der Unternehmer dazu angehalten die Einhaltung der vorgeschriebenen Zeiten sicherzustellen.<\/p>\n","protected":false},"excerpt":{"rendered":"<p>Inhalts\u00fcbersicht Welche Fragen werden auf dieser Seite gekl\u00e4rt? Welche Rolle spielt Personalmanagement im Flottenbetrieb? Wie kann Telematik die Speditionen bei dem Personalmanagement unterst\u00fctzen? Wie sch\u00fctzt ein Telematik-System den Fahrer? Personalmanagement im Flottenbetrieb Telematikfunktionen zum Personalmanagement fokussieren ausschlie\u00dflich auf den Fahrer und vorwiegend auf Informationen zu dessen aktuellem Einsatz. Ein Disponent ben\u00f6tigt laufend Informationen dar\u00fcber, welcher [&hellip;]<\/p>\n","protected":false},"author":1,"featured_media":0,"parent":32,"menu_order":4,"comment_status":"closed","ping_status":"open","template":"","meta":{"footnotes":""},"class_list":["post-134","page","type-page","status-publish","hentry"],"_links":{"self":[{"href":"https:\/\/app.hanseat.me\/tc2\/wp-json\/wp\/v2\/pages\/134","targetHints":{"allow":["GET"]}}],"collection":[{"href":"https:\/\/app.hanseat.me\/tc2\/wp-json\/wp\/v2\/pages"}],"about":[{"href":"https:\/\/app.hanseat.me\/tc2\/wp-json\/wp\/v2\/types\/page"}],"author":[{"embeddable":true,"href":"https:\/\/app.hanseat.me\/tc2\/wp-json\/wp\/v2\/users\/1"}],"replies":[{"embeddable":true,"href":"https:\/\/app.hanseat.me\/tc2\/wp-json\/wp\/v2\/comments?post=134"}],"version-history":[{"count":0,"href":"https:\/\/app.hanseat.me\/tc2\/wp-json\/wp\/v2\/pages\/134\/revisions"}],"up":[{"embeddable":true,"href":"https:\/\/app.hanseat.me\/tc2\/wp-json\/wp\/v2\/pages\/32"}],"wp:attachment":[{"href":"https:\/\/app.hanseat.me\/tc2\/wp-json\/wp\/v2\/media?parent=134"}],"curies":[{"name":"wp","href":"https:\/\/api.w.org\/{rel}","templated":true}]}}