{"id":128,"date":"2013-01-13T11:42:04","date_gmt":"2013-01-13T10:42:04","guid":{"rendered":"http:\/\/telematikwissen.de\/?page_id=128"},"modified":"2013-01-13T11:42:04","modified_gmt":"2013-01-13T10:42:04","slug":"ortung-der-fahrzeuge","status":"publish","type":"page","link":"https:\/\/app.hanseat.me\/tc2\/funktionen\/ortung-der-fahrzeuge\/","title":{"rendered":"Ortung der Fahrzeuge"},"content":{"rendered":"<h2>Inhalts\u00fcbersicht<\/h2>\n<p><strong>Welche Fragen werden auf dieser Seite gekl\u00e4rt?<\/strong><\/p>\n<ul>\n<li>Was ist das Global Positioning System (GPS)?<\/li>\n<li>Wie funktioniert Ortung via GPS?<\/li>\n<\/ul>\n<h2>Ortungs-Funktion von Telematik<\/h2>\n<p>Wie schon unter den <a title=\"Aufgaben und Nutzen im Flottenbetrieb\" href=\"http:\/\/telematikwissen.de\/?page_id=122\">Aufgaben der Telematik<\/a> ausgef\u00fchrt, ben\u00f6tigen viele Telematikfunktionen die aktuelle Information \u00fcber den Standort des Fahrzeugs:<\/p>\n<p><strong>Technische Verfahren zur Standortbestimmung eines Objekts werden als Ortung bezeichnet.<\/strong><\/p>\n<p>Bei mobilen Objekten, wie etwa Fahrzeugen, Flugzeugen, usw., wird die <strong>Ortung heutzutage mittels Satellitensystemen<\/strong> durchgef\u00fchrt. Das weltweit meistgenutzte satellitenbasierte Ortungssystem ist das <strong>US-amerikanische Global Positioning System (GPS)<\/strong>, welches nahezu ausschlie\u00dflich auch in Telematiksystemen verwendet wird. Eine detaillierte Beschreibung findet sich z.B. unter&nbsp;<a title=\"GPS Erkl\u00e4rung auf Wikipedia\" href=\"http:\/\/de.wikipedia.org\/wiki\/Global_Positioning_System\"><span title=\"Aufgaben und Nutzen im Flottenbetrieb\">Wikipedia<\/span><\/a>. Es ist zu erwarten, dass in Telematiksystemen k\u00fcnftig auch das von der Europ\u00e4ischen Union aufgebaute <strong>Galileo-Satellitensystem<\/strong> Anwendung findet.<\/p>\n<h2>Funktionsweise der GPS-Ortung<\/h2>\n<p>Bei der GPS-Ortung werden von den in ca. 20.000 km H\u00f6he umlaufenden Satelliten <strong>laufend Radiosignale ausgestrahlt<\/strong>, in denen die <strong>Satellitenposition und Uhrzeit der Ausstrahlung<\/strong> kodiert enthalten sind. Aus den Signallaufzeiten k\u00f6nnen die GPS-Empf\u00e4ngermodule des Telematiksystems ihre <strong>eigene Position und Geschwindigkeit berechnen<\/strong>. Theoretisch reichen 3 Satelliten um diese Daten zu liefern, praktisch haben die Empf\u00e4ngermodule allerdings keine Uhr, die genau genug ist um die Laufzeiten korrekt zu messen. Deshalb ben\u00f6tigt man das Signal eines 4. Satelliten, mit diesem wird der so genannte Uhrenfehler im Empf\u00e4nger korrigiert. Somit ist die aktuelle Position des GPS-Empf\u00e4ngers \u2013und damit des Fahrzeuges- permanent in Echtzeit verf\u00fcgbar.<\/p>\n<div id=\"attachment_220\" style=\"width: 310px\" class=\"wp-caption aligncenter\"><a href=\"http:\/\/telematikwissen.de\/wp-content\/uploads\/2013\/01\/GPS-III-A-Satellit-300x300.jpg\"><img loading=\"lazy\" decoding=\"async\" aria-describedby=\"caption-attachment-220\" class=\"size-medium wp-image-220 \" title=\"GPS-III-A-Satellit\" src=\"http:\/\/telematikwissen.de\/wp-content\/uploads\/2013\/01\/GPS-III-A-Satellit-300x300.jpg\" alt=\"GPS-III-A-Satellit\" width=\"300\" height=\"300\" srcset=\"https:\/\/app.hanseat.me\/tc2\/wp-content\/uploads\/2013\/01\/GPS-III-A-Satellit-300x300.jpg 300w, https:\/\/app.hanseat.me\/tc2\/wp-content\/uploads\/2013\/01\/GPS-III-A-Satellit-1024x1024.jpg 1024w, https:\/\/app.hanseat.me\/tc2\/wp-content\/uploads\/2013\/01\/GPS-III-A-Satellit-150x150.jpg 150w, https:\/\/app.hanseat.me\/tc2\/wp-content\/uploads\/2013\/01\/GPS-III-A-Satellit-768x768.jpg 768w, https:\/\/app.hanseat.me\/tc2\/wp-content\/uploads\/2013\/01\/GPS-III-A-Satellit-1536x1536.jpg 1536w, https:\/\/app.hanseat.me\/tc2\/wp-content\/uploads\/2013\/01\/GPS-III-A-Satellit-2048x2048.jpg 2048w\" sizes=\"auto, (max-width: 300px) 100vw, 300px\" \/><\/a><p id=\"caption-attachment-220\" class=\"wp-caption-text\">GPS-III-A-Satellit <sup><span style=\"font-size: 60%;\">1<\/span><\/sup><\/p><\/div>\n<div id=\"attachment_219\" style=\"width: 310px\" class=\"wp-caption aligncenter\"><a href=\"http:\/\/telematikwissen.de\/wp-content\/uploads\/2013\/01\/GPS-Constellation-300x255.jpg\"><img loading=\"lazy\" decoding=\"async\" aria-describedby=\"caption-attachment-219\" class=\"size-medium wp-image-219\" title=\"GPS-Constellation\" src=\"http:\/\/telematikwissen.de\/wp-content\/uploads\/2013\/01\/GPS-Constellation-300x255.jpg\" alt=\"GPS-Constellation\" width=\"300\" height=\"255\"><\/a><p id=\"caption-attachment-219\" class=\"wp-caption-text\">GPS-Constellation <sup><span style=\"font-size: 60%;\">1<\/span><\/sup><\/p><\/div>\n<p>&nbsp;<\/p>\n<p><sup><span style=\"font-size: 60%;\">1<\/span><\/sup> (heruntergeladen von der Seite <a href=\"http:\/\/www.gps.gov\/multimedia\/images\/\" target=\"_blank\" rel=\"noopener\">http:\/\/www.gps.gov\/multimedia\/images\/<\/a> am 25.1.2013)<\/p>\n","protected":false},"excerpt":{"rendered":"<p>Inhalts\u00fcbersicht Welche Fragen werden auf dieser Seite gekl\u00e4rt? Was ist das Global Positioning System (GPS)? Wie funktioniert Ortung via GPS? Ortungs-Funktion von Telematik Wie schon unter den Aufgaben der Telematik ausgef\u00fchrt, ben\u00f6tigen viele Telematikfunktionen die aktuelle Information \u00fcber den Standort des Fahrzeugs: Technische Verfahren zur Standortbestimmung eines Objekts werden als Ortung bezeichnet. Bei mobilen Objekten, [&hellip;]<\/p>\n","protected":false},"author":1,"featured_media":0,"parent":32,"menu_order":1,"comment_status":"closed","ping_status":"open","template":"","meta":{"footnotes":""},"class_list":["post-128","page","type-page","status-publish","hentry"],"_links":{"self":[{"href":"https:\/\/app.hanseat.me\/tc2\/wp-json\/wp\/v2\/pages\/128","targetHints":{"allow":["GET"]}}],"collection":[{"href":"https:\/\/app.hanseat.me\/tc2\/wp-json\/wp\/v2\/pages"}],"about":[{"href":"https:\/\/app.hanseat.me\/tc2\/wp-json\/wp\/v2\/types\/page"}],"author":[{"embeddable":true,"href":"https:\/\/app.hanseat.me\/tc2\/wp-json\/wp\/v2\/users\/1"}],"replies":[{"embeddable":true,"href":"https:\/\/app.hanseat.me\/tc2\/wp-json\/wp\/v2\/comments?post=128"}],"version-history":[{"count":0,"href":"https:\/\/app.hanseat.me\/tc2\/wp-json\/wp\/v2\/pages\/128\/revisions"}],"up":[{"embeddable":true,"href":"https:\/\/app.hanseat.me\/tc2\/wp-json\/wp\/v2\/pages\/32"}],"wp:attachment":[{"href":"https:\/\/app.hanseat.me\/tc2\/wp-json\/wp\/v2\/media?parent=128"}],"curies":[{"name":"wp","href":"https:\/\/api.w.org\/{rel}","templated":true}]}}